{"id":13,"date":"2012-02-09T14:52:33","date_gmt":"2012-02-09T14:52:33","guid":{"rendered":"https:\/\/www.mediation06.fr\/?page_id=13"},"modified":"2024-05-31T13:32:59","modified_gmt":"2024-05-31T13:32:59","slug":"accueil-2","status":"publish","type":"page","link":"https:\/\/www.mediation06.fr\/","title":{"rendered":"ACCUEIL"},"content":{"rendered":"<p>[et_pb_section fb_built=\u00a0\u00bb1&Prime; next_background_color=\u00a0\u00bb#ffffff\u00a0\u00bb _builder_version=\u00a0\u00bb4.21.0&Prime; _module_preset=\u00a0\u00bbdefault\u00a0\u00bb use_background_color_gradient=\u00a0\u00bbon\u00a0\u00bb background_color_gradient_direction=\u00a0\u00bb135deg\u00a0\u00bb background_color_gradient_stops=\u00a0\u00bbrgba(0,0,0,0.92) 25%|rgba(0,0,0,0) 100%\u00a0\u00bb background_color_gradient_overlays_image=\u00a0\u00bbon\u00a0\u00bb background_image=\u00a0\u00bbhttps:\/\/www.mediation06.fr\/wp-content\/uploads\/2023\/07\/top-view-people-holding-hands-cute-paper-family-scaled.jpg\u00a0\u00bb background_blend=\u00a0\u00bblighten\u00a0\u00bb custom_margin=\u00a0\u00bb-33px||-18px||false|false\u00a0\u00bb custom_padding=\u00a0\u00bb314px||0px||false|false\u00a0\u00bb bottom_divider_style=\u00a0\u00bbwave\u00a0\u00bb bottom_divider_height=\u00a0\u00bb12vw\u00a0\u00bb collapsed=\u00a0\u00bbon\u00a0\u00bb global_colors_info=\u00a0\u00bb{}\u00a0\u00bb][\/et_pb_section][et_pb_section fb_built=\u00a0\u00bb1&Prime; _builder_version=\u00a0\u00bb4.21.0&Prime; _module_preset=\u00a0\u00bbdefault\u00a0\u00bb custom_margin=\u00a0\u00bb||0px|||\u00a0\u00bb custom_padding=\u00a0\u00bb0px|||||\u00a0\u00bb global_colors_info=\u00a0\u00bb{}\u00a0\u00bb][et_pb_row column_structure=\u00a0\u00bb1_5,1_5,1_5,1_5,1_5&Prime; _builder_version=\u00a0\u00bb4.22.1&Prime; _module_preset=\u00a0\u00bbdefault\u00a0\u00bb width=\u00a0\u00bb120%\u00a0\u00bb global_colors_info=\u00a0\u00bb{}\u00a0\u00bb][et_pb_column type=\u00a0\u00bb1_5&Prime; _builder_version=\u00a0\u00bb4.21.0&Prime; _module_preset=\u00a0\u00bbdefault\u00a0\u00bb global_colors_info=\u00a0\u00bb{}\u00a0\u00bb][et_pb_image src=\u00a0\u00bbhttps:\/\/www.mediation06.fr\/wp-content\/uploads\/2023\/07\/angry-young-couple-sitting-back-back-home-scaled.jpg\u00a0\u00bb title_text=\u00a0\u00bbAngry young couple sitting back to back at home\u00a0\u00bb _builder_version=\u00a0\u00bb4.22.1&Prime; _module_preset=\u00a0\u00bbdefault\u00a0\u00bb width=\u00a0\u00bb120%\u00a0\u00bb border_radii=\u00a0\u00bbon|10px|10px|10px|10px\u00a0\u00bb box_shadow_style=\u00a0\u00bbpreset2&Prime; global_colors_info=\u00a0\u00bb{}\u00a0\u00bb][\/et_pb_image][\/et_pb_column][et_pb_column type=\u00a0\u00bb1_5&Prime; _builder_version=\u00a0\u00bb4.21.0&Prime; _module_preset=\u00a0\u00bbdefault\u00a0\u00bb global_colors_info=\u00a0\u00bb{}\u00a0\u00bb][et_pb_image src=\u00a0\u00bbhttps:\/\/www.mediation06.fr\/wp-content\/uploads\/2023\/07\/parents-with-their-children-walking-forest-scaled.jpg\u00a0\u00bb title_text=\u00a0\u00bbParents with their children walking in forest\u00a0\u00bb _builder_version=\u00a0\u00bb4.22.1&Prime; _module_preset=\u00a0\u00bbdefault\u00a0\u00bb width=\u00a0\u00bb120%\u00a0\u00bb border_radii=\u00a0\u00bbon|10px|10px|10px|10px\u00a0\u00bb box_shadow_style=\u00a0\u00bbpreset2&Prime; global_colors_info=\u00a0\u00bb{}\u00a0\u00bb][\/et_pb_image][\/et_pb_column][et_pb_column type=\u00a0\u00bb1_5&Prime; _builder_version=\u00a0\u00bb4.21.0&Prime; _module_preset=\u00a0\u00bbdefault\u00a0\u00bb global_colors_info=\u00a0\u00bb{}\u00a0\u00bb][et_pb_image src=\u00a0\u00bbhttps:\/\/www.mediation06.fr\/wp-content\/uploads\/2023\/07\/cheerful-grandparents-granddaughter-having-fun-together-home-scaled.jpg\u00a0\u00bb title_text=\u00a0\u00bbCheerful grandparents and granddaughter having fun together at h\u00a0\u00bb _builder_version=\u00a0\u00bb4.22.1&Prime; _module_preset=\u00a0\u00bbdefault\u00a0\u00bb width=\u00a0\u00bb120%\u00a0\u00bb border_radii=\u00a0\u00bbon|10px|10px|10px|10px\u00a0\u00bb box_shadow_style=\u00a0\u00bbpreset2&Prime; global_colors_info=\u00a0\u00bb{}\u00a0\u00bb][\/et_pb_image][\/et_pb_column][et_pb_column type=\u00a0\u00bb1_5&Prime; _builder_version=\u00a0\u00bb4.21.0&Prime; _module_preset=\u00a0\u00bbdefault\u00a0\u00bb global_colors_info=\u00a0\u00bb{}\u00a0\u00bb][et_pb_image src=\u00a0\u00bbhttps:\/\/www.mediation06.fr\/wp-content\/uploads\/2023\/07\/guilty-grey-haired-bearded-senior-man-keeps-arms-folded.jpg\u00a0\u00bb title_text=\u00a0\u00bbGuilty grey haired bearded senior man keeps arms folded, hears approaches from young colleagues who shout angrily at him. Annoyed woman and man yell at mature father, sort out family relationships\u00a0\u00bb _builder_version=\u00a0\u00bb4.22.1&Prime; _module_preset=\u00a0\u00bbdefault\u00a0\u00bb width=\u00a0\u00bb120%\u00a0\u00bb border_radii=\u00a0\u00bbon|10px|10px|10px|10px\u00a0\u00bb box_shadow_style=\u00a0\u00bbpreset2&Prime; global_colors_info=\u00a0\u00bb{}\u00a0\u00bb][\/et_pb_image][\/et_pb_column][et_pb_column type=\u00a0\u00bb1_5&Prime; _builder_version=\u00a0\u00bb4.21.0&Prime; _module_preset=\u00a0\u00bbdefault\u00a0\u00bb global_colors_info=\u00a0\u00bb{}\u00a0\u00bb][et_pb_image src=\u00a0\u00bbhttps:\/\/www.mediation06.fr\/wp-content\/uploads\/2023\/07\/cute-stylish-family-playing-autumn-field-scaled.jpg\u00a0\u00bb title_text=\u00a0\u00bbCute and stylish family playing in a autumn field\u00a0\u00bb _builder_version=\u00a0\u00bb4.22.1&Prime; _module_preset=\u00a0\u00bbdefault\u00a0\u00bb width=\u00a0\u00bb120%\u00a0\u00bb border_radii=\u00a0\u00bbon|10px|10px|10px|10px\u00a0\u00bb box_shadow_style=\u00a0\u00bbpreset2&Prime; global_colors_info=\u00a0\u00bb{}\u00a0\u00bb][\/et_pb_image][\/et_pb_column][\/et_pb_row][et_pb_row column_structure=\u00a0\u00bb1_5,1_5,1_5,1_5,1_5&Prime; _builder_version=\u00a0\u00bb4.21.0&Prime; _module_preset=\u00a0\u00bbdefault\u00a0\u00bb custom_margin=\u00a0\u00bb|auto|-2px|auto||\u00a0\u00bb custom_padding=\u00a0\u00bb2px||76px|||\u00a0\u00bb global_colors_info=\u00a0\u00bb{}\u00a0\u00bb][et_pb_column type=\u00a0\u00bb1_5&Prime; _builder_version=\u00a0\u00bb4.21.0&Prime; _module_preset=\u00a0\u00bbdefault\u00a0\u00bb global_colors_info=\u00a0\u00bb{}\u00a0\u00bb][et_pb_text _builder_version=\u00a0\u00bb4.21.0&Prime; _module_preset=\u00a0\u00bbdefault\u00a0\u00bb global_colors_info=\u00a0\u00bb{}\u00a0\u00bb]<\/p>\n<h6 style=\"text-align: center;\">Divorces, s\u00e9parations<\/h6>\n<p>[\/et_pb_text][\/et_pb_column][et_pb_column type=\u00a0\u00bb1_5&Prime; _builder_version=\u00a0\u00bb4.21.0&Prime; _module_preset=\u00a0\u00bbdefault\u00a0\u00bb global_colors_info=\u00a0\u00bb{}\u00a0\u00bb][et_pb_text _builder_version=\u00a0\u00bb4.21.0&Prime; _module_preset=\u00a0\u00bbdefault\u00a0\u00bb global_colors_info=\u00a0\u00bb{}\u00a0\u00bb]<\/p>\n<h6 style=\"text-align: center;\">Enfants, adolescents<\/h6>\n<p>[\/et_pb_text][\/et_pb_column][et_pb_column type=\u00a0\u00bb1_5&Prime; _builder_version=\u00a0\u00bb4.21.0&Prime; _module_preset=\u00a0\u00bbdefault\u00a0\u00bb global_colors_info=\u00a0\u00bb{}\u00a0\u00bb][et_pb_text _builder_version=\u00a0\u00bb4.21.0&Prime; _module_preset=\u00a0\u00bbdefault\u00a0\u00bb global_colors_info=\u00a0\u00bb{}\u00a0\u00bb]<\/p>\n<h6 style=\"text-align: center;\">Grands-Parents<\/h6>\n<h6 style=\"text-align: center;\">petits-enfants<\/h6>\n<p>[\/et_pb_text][\/et_pb_column][et_pb_column type=\u00a0\u00bb1_5&Prime; _builder_version=\u00a0\u00bb4.21.0&Prime; _module_preset=\u00a0\u00bbdefault\u00a0\u00bb global_colors_info=\u00a0\u00bb{}\u00a0\u00bb][et_pb_text _builder_version=\u00a0\u00bb4.22.1&Prime; _module_preset=\u00a0\u00bbdefault\u00a0\u00bb global_colors_info=\u00a0\u00bb{}\u00a0\u00bb]<\/p>\n<h6 style=\"text-align: center;\">Fr\u00e8res et Soeurs<\/h6>\n<p>[\/et_pb_text][\/et_pb_column][et_pb_column type=\u00a0\u00bb1_5&Prime; _builder_version=\u00a0\u00bb4.21.0&Prime; _module_preset=\u00a0\u00bbdefault\u00a0\u00bb global_colors_info=\u00a0\u00bb{}\u00a0\u00bb][et_pb_text _builder_version=\u00a0\u00bb4.21.0&Prime; _module_preset=\u00a0\u00bbdefault\u00a0\u00bb global_colors_info=\u00a0\u00bb{}\u00a0\u00bb]<\/p>\n<h6 style=\"text-align: center;\">Successions<\/h6>\n<p>[\/et_pb_text][\/et_pb_column][\/et_pb_row][et_pb_row _builder_version=\u00a0\u00bb4.22.1&Prime; _module_preset=\u00a0\u00bbdefault\u00a0\u00bb custom_margin=\u00a0\u00bb|auto|22px|auto||\u00a0\u00bb custom_padding=\u00a0\u00bb1px||8px|||\u00a0\u00bb global_colors_info=\u00a0\u00bb{}\u00a0\u00bb][et_pb_column type=\u00a0\u00bb4_4&Prime; _builder_version=\u00a0\u00bb4.22.1&Prime; _module_preset=\u00a0\u00bbdefault\u00a0\u00bb global_colors_info=\u00a0\u00bb{}\u00a0\u00bb][et_pb_text _builder_version=\u00a0\u00bb4.22.1&Prime; _module_preset=\u00a0\u00bbdefault\u00a0\u00bb global_colors_info=\u00a0\u00bb{}\u00a0\u00bb]<\/p>\n<h3 style=\"text-align: center;\"><span style=\"color: #00ccff;\"><strong>Nos partenaires :<\/strong><\/span><\/h3>\n<p>[\/et_pb_text][\/et_pb_column][\/et_pb_row][et_pb_row column_structure=\u00a0\u00bb1_6,1_6,1_6,1_6,1_6,1_6&Prime; make_equal=\u00a0\u00bbon\u00a0\u00bb _builder_version=\u00a0\u00bb4.24.2&Prime; _module_preset=\u00a0\u00bbdefault\u00a0\u00bb height=\u00a0\u00bb100px\u00a0\u00bb custom_margin=\u00a0\u00bb|auto|73px|auto|false|false\u00a0\u00bb custom_padding=\u00a0\u00bb0px||0px||false|false\u00a0\u00bb hover_enabled=\u00a0\u00bb0&Prime; global_colors_info=\u00a0\u00bb{}\u00a0\u00bb sticky_enabled=\u00a0\u00bb0&Prime;][et_pb_column type=\u00a0\u00bb1_6&Prime; _builder_version=\u00a0\u00bb4.22.1&Prime; _module_preset=\u00a0\u00bbdefault\u00a0\u00bb global_colors_info=\u00a0\u00bb{}\u00a0\u00bb][et_pb_image src=\u00a0\u00bbhttps:\/\/www.mediation06.fr\/wp-content\/uploads\/2024\/05\/Logo_de_la_ville_de_Cannes.png\u00a0\u00bb _builder_version=\u00a0\u00bb4.24.2&Prime; _module_preset=\u00a0\u00bbdefault\u00a0\u00bb title_text=\u00a0\u00bbLogo_de_la_ville_de_Cannes\u00a0\u00bb hover_enabled=\u00a0\u00bb0&Prime; sticky_enabled=\u00a0\u00bb0&Prime;][\/et_pb_image][\/et_pb_column][et_pb_column type=\u00a0\u00bb1_6&Prime; _builder_version=\u00a0\u00bb4.22.1&Prime; _module_preset=\u00a0\u00bbdefault\u00a0\u00bb global_colors_info=\u00a0\u00bb{}\u00a0\u00bb][et_pb_image src=\u00a0\u00bbhttps:\/\/www.mediation06.fr\/wp-content\/uploads\/2023\/09\/JUst.png\u00a0\u00bb title_text=\u00a0\u00bbJUst\u00a0\u00bb _builder_version=\u00a0\u00bb4.22.1&Prime; _module_preset=\u00a0\u00bbdefault\u00a0\u00bb global_colors_info=\u00a0\u00bb{}\u00a0\u00bb custom_margin=\u00a0\u00bb||-14px|-32px||\u00a0\u00bb][\/et_pb_image][\/et_pb_column][et_pb_column type=\u00a0\u00bb1_6&Prime; _builder_version=\u00a0\u00bb4.22.1&Prime; _module_preset=\u00a0\u00bbdefault\u00a0\u00bb global_colors_info=\u00a0\u00bb{}\u00a0\u00bb][et_pb_image src=\u00a0\u00bbhttps:\/\/www.mediation06.fr\/wp-content\/uploads\/2023\/09\/CASA.png\u00a0\u00bb title_text=\u00a0\u00bbCASA\u00a0\u00bb _builder_version=\u00a0\u00bb4.24.2&Prime; _module_preset=\u00a0\u00bbdefault\u00a0\u00bb hover_enabled=\u00a0\u00bb0&Prime; global_colors_info=\u00a0\u00bb{}\u00a0\u00bb custom_padding=\u00a0\u00bb||16px|||\u00a0\u00bb height=\u00a0\u00bb150px\u00a0\u00bb sticky_enabled=\u00a0\u00bb0&Prime; custom_margin=\u00a0\u00bb|||-18px||\u00a0\u00bb][\/et_pb_image][\/et_pb_column][et_pb_column type=\u00a0\u00bb1_6&Prime; _builder_version=\u00a0\u00bb4.22.1&Prime; _module_preset=\u00a0\u00bbdefault\u00a0\u00bb global_colors_info=\u00a0\u00bb{}\u00a0\u00bb][et_pb_image src=\u00a0\u00bbhttps:\/\/www.mediation06.fr\/wp-content\/uploads\/2023\/09\/CD06.png\u00a0\u00bb title_text=\u00a0\u00bbCD06&Prime; _builder_version=\u00a0\u00bb4.22.1&Prime; _module_preset=\u00a0\u00bbdefault\u00a0\u00bb hover_enabled=\u00a0\u00bb0&Prime; global_colors_info=\u00a0\u00bb{}\u00a0\u00bb sticky_enabled=\u00a0\u00bb0&Prime; custom_margin=\u00a0\u00bb||9px|-21px||\u00a0\u00bb custom_padding=\u00a0\u00bb|||12px||\u00a0\u00bb][\/et_pb_image][et_pb_image src=\u00a0\u00bbhttps:\/\/www.mediation06.fr\/wp-content\/uploads\/2023\/09\/MSA.png\u00a0\u00bb _builder_version=\u00a0\u00bb4.24.2&Prime; _module_preset=\u00a0\u00bbdefault\u00a0\u00bb title_text=\u00a0\u00bbMSA\u00a0\u00bb hover_enabled=\u00a0\u00bb0&Prime; sticky_enabled=\u00a0\u00bb0&Prime; custom_margin=\u00a0\u00bb|||-2px||\u00a0\u00bb][\/et_pb_image][\/et_pb_column][et_pb_column type=\u00a0\u00bb1_6&Prime; _builder_version=\u00a0\u00bb4.22.1&Prime; _module_preset=\u00a0\u00bbdefault\u00a0\u00bb global_colors_info=\u00a0\u00bb{}\u00a0\u00bb][et_pb_image src=\u00a0\u00bbhttps:\/\/www.mediation06.fr\/wp-content\/uploads\/2023\/09\/SDJES.png\u00a0\u00bb title_text=\u00a0\u00bbSDJES\u00a0\u00bb _builder_version=\u00a0\u00bb4.24.2&Prime; _module_preset=\u00a0\u00bbdefault\u00a0\u00bb hover_enabled=\u00a0\u00bb0&Prime; global_colors_info=\u00a0\u00bb{}\u00a0\u00bb max_height=\u00a0\u00bb150px\u00a0\u00bb sticky_enabled=\u00a0\u00bb0&Prime;][\/et_pb_image][\/et_pb_column][et_pb_column type=\u00a0\u00bb1_6&Prime; _builder_version=\u00a0\u00bb4.22.1&Prime; _module_preset=\u00a0\u00bbdefault\u00a0\u00bb global_colors_info=\u00a0\u00bb{}\u00a0\u00bb][et_pb_image src=\u00a0\u00bbhttps:\/\/www.mediation06.fr\/wp-content\/uploads\/2024\/05\/logo.png\u00a0\u00bb title_text=\u00a0\u00bblogo\u00a0\u00bb _builder_version=\u00a0\u00bb4.24.2&Prime; _module_preset=\u00a0\u00bbdefault\u00a0\u00bb hover_enabled=\u00a0\u00bb0&Prime; global_colors_info=\u00a0\u00bb{}\u00a0\u00bb sticky_enabled=\u00a0\u00bb0&Prime; custom_padding=\u00a0\u00bb0px|15px||||\u00a0\u00bb height=\u00a0\u00bb150px\u00a0\u00bb width=\u00a0\u00bb200%\u00a0\u00bb custom_margin=\u00a0\u00bb|||-31px||\u00a0\u00bb][\/et_pb_image][\/et_pb_column][\/et_pb_row][\/et_pb_section]<\/p>\n","protected":false},"excerpt":{"rendered":"<p>Divorces, s\u00e9parationsEnfants, adolescentsGrands-Parents petits-enfantsFr\u00e8res et SoeursSuccessionsNos partenaires :<\/p>\n","protected":false},"author":1,"featured_media":0,"parent":0,"menu_order":0,"comment_status":"closed","ping_status":"closed","template":"","meta":{"_et_pb_use_builder":"on","_et_pb_old_content":"<p style=\"text-align: left;\"><span style=\"font-family: Arial,sans-serif;\"><span style=\"font-size: medium;\"><img class=\"size-full wp-image-108 alignleft\" title=\"m06\" src=\"https:\/\/www.mediation06.fr\/wp-content\/uploads\/2012\/02\/shutterstock_15990961.jpg\" alt=\"\" width=\"380\" height=\"252\" \/><\/span><\/span><\/p>\r\n&nbsp;\r\n\r\n<span style=\"font-family: Arial,sans-serif;\"><span style=\"font-size: medium;\">Rupture des liens dans la famille ou dans le couple, rupture de communication entre parents et enfants, r\u00e8glement de la succession lors du d\u00e9c\u00e8s d'un parent, prise de d\u00e9cision dans une fratrie concernant les conditions de vie d'un parent \u00e2g\u00e9, relations difficiles entre des parents et leurs propres parents conduisant \u00e0 une absence de communication entre les petits-enfants et leurs grands-parents... quel que soit le lien qui unit deux personnes, quelle que soit l'origine du conflit familial, la m\u00e9diation familiale permet \u00e0 chacun d'exprimer ce qu'il ressent, ses besoins, ses attentes, mais aussi d'\u00eatre \u00e9cout\u00e9 par l'autre, d'\u00eatre compris et de mieux appr\u00e9hender la situation afin de r\u00e9fl\u00e9chir ensemble \u00e0 la construction de l'avenir.<\/span><\/span>\r\n<p style=\"text-align: left;\"><span style=\"font-family: Arial,sans-serif;\"><span style=\"font-size: medium;\"> <\/span><\/span><\/p>\r\n<p style=\"text-align: left;\">&nbsp;<\/p>\r\n<p style=\"text-align: left;\">&nbsp;<\/p>\r\n<p style=\"text-align: left;\"><em><strong><span style=\"color: #000000;\"><span style=\"font-family: Arial,sans-serif;\"><span style=\"font-size: medium;\">La m\u00e9diation familiale r\u00e9pond \u00e0 des besoins fondamentaux\u00a0:<\/span><\/span><\/span><\/strong><\/em> <span style=\"font-family: Arial,sans-serif;\"><span style=\"font-size: medium;\"> <\/span><\/span><\/p>\r\n<p style=\"text-align: left;\"><span style=\"font-family: Arial,sans-serif;\"><span style=\"font-size: medium;\">- se \tsentir responsable<\/span><\/span> <span style=\"font-family: Arial,sans-serif;\"><span style=\"font-size: medium;\"> <\/span><\/span><\/p>\r\n<p style=\"text-align: left;\"><span style=\"font-family: Arial,sans-serif;\"><span style=\"font-size: medium;\">- mieux \tcommuniquer<\/span><\/span> <span style=\"font-family: Arial,sans-serif;\"> <\/span><\/p>\r\n<p style=\"text-align: left;\"><span style=\"font-family: Arial,sans-serif;\"><span style=\"font-size: medium;\">- entretenir \tune solidarit\u00e9 familiale<\/span><\/span> <span style=\"font-family: Arial,sans-serif;\"> <\/span><\/p>\r\n<p style=\"text-align: left;\"><span style=\"font-family: Arial,sans-serif;\"><span style=\"font-size: medium;\">- pr\u00e9server \tles droits de chacun, et en particulier ceux des enfants<\/span><\/span><\/p>\r\n<p style=\"text-align: left;\">&nbsp;<\/p>\r\n<p style=\"text-align: left;\"><em><strong><span style=\"font-family: Arial,sans-serif;\"><span style=\"font-size: medium;\">Les avantages de la m\u00e9diation familiale\u00a0:<\/span><\/span><\/strong><\/em><\/p>\r\n<p style=\"text-align: left;\"><span style=\"font-family: Arial,sans-serif;\"><span style=\"font-size: medium;\">- permettre \tune meilleure communication<\/span><\/span><\/p>\r\n<p style=\"text-align: left;\"><span style=\"font-family: Arial,sans-serif;\"><span style=\"font-size: medium;\">- d\u00e9velopper \tune collaboration parentale pour l'avenir<\/span><\/span><\/p>\r\n<p style=\"text-align: left;\"><span style=\"font-family: Arial,sans-serif;\"><span style=\"font-size: medium;\">- permettre \tl'\u00e9laboration d'accords adapt\u00e9s aux besoins de chacun<\/span><\/span><\/p>\r\n<p style=\"text-align: left;\"><span style=\"font-family: Arial,sans-serif;\"><span style=\"font-size: medium;\">- pr\u00e9venir \tdes conflits futurs<\/span><\/span><\/p>\r\n<p style=\"text-align: left;\"><span style=\"font-family: Arial,sans-serif;\"><span style=\"font-size: medium;\">- maintenir \tla permanence des liens de l'enfant avec ses deux parents<\/span><\/span><\/p>\r\n<p style=\"text-align: left;\"><span style=\"font-family: Arial,sans-serif;\"><span style=\"font-size: medium;\">- exercer \ten commun l'autorit\u00e9 parentale<\/span><\/span><\/p>\r\n<p style=\"text-align: left;\">&nbsp;<\/p>\r\n<p style=\"text-align: left;\"><em><strong><span style=\"font-family: Arial,sans-serif;\"><span style=\"font-size: medium;\">Les r\u00e8gles de la m\u00e9diation familiale\u00a0:<\/span><\/span><\/strong><\/em><\/p>\r\n<p style=\"text-align: left;\"><span style=\"font-family: Arial,sans-serif;\"><span style=\"font-size: medium;\">- le \tconsentement des participants<\/span><\/span><\/p>\r\n<p style=\"text-align: left;\"><span style=\"font-family: Arial,sans-serif;\"><span style=\"font-size: medium;\">- la \tloyaut\u00e9 des personnes<\/span><\/span><\/p>\r\n<p style=\"text-align: left;\"><span style=\"font-family: Arial,sans-serif;\"><span style=\"font-size: medium;\">- la \ttransparence des informations utiles<\/span><\/span><\/p>\r\n<p style=\"text-align: left;\"><span style=\"font-family: Arial,sans-serif;\"><span style=\"font-size: medium;\">- un \trespect mutuel<\/span><\/span><\/p>","_et_gb_content_width":"","ngg_post_thumbnail":0,"footnotes":""},"class_list":["post-13","page","type-page","status-publish","hentry"],"aioseo_notices":[],"_links":{"self":[{"href":"https:\/\/www.mediation06.fr\/index.php?rest_route=\/wp\/v2\/pages\/13","targetHints":{"allow":["GET"]}}],"collection":[{"href":"https:\/\/www.mediation06.fr\/index.php?rest_route=\/wp\/v2\/pages"}],"about":[{"href":"https:\/\/www.mediation06.fr\/index.php?rest_route=\/wp\/v2\/types\/page"}],"author":[{"embeddable":true,"href":"https:\/\/www.mediation06.fr\/index.php?rest_route=\/wp\/v2\/users\/1"}],"replies":[{"embeddable":true,"href":"https:\/\/www.mediation06.fr\/index.php?rest_route=%2Fwp%2Fv2%2Fcomments&post=13"}],"version-history":[{"count":37,"href":"https:\/\/www.mediation06.fr\/index.php?rest_route=\/wp\/v2\/pages\/13\/revisions"}],"predecessor-version":[{"id":538,"href":"https:\/\/www.mediation06.fr\/index.php?rest_route=\/wp\/v2\/pages\/13\/revisions\/538"}],"wp:attachment":[{"href":"https:\/\/www.mediation06.fr\/index.php?rest_route=%2Fwp%2Fv2%2Fmedia&parent=13"}],"curies":[{"name":"wp","href":"https:\/\/api.w.org\/{rel}","templated":true}]}}