{"id":20,"date":"2012-03-07T22:33:56","date_gmt":"2012-03-07T22:33:56","guid":{"rendered":"https:\/\/www.mediation06.fr\/?page_id=20"},"modified":"2023-09-20T09:30:54","modified_gmt":"2023-09-20T09:30:54","slug":"lassociation","status":"publish","type":"page","link":"https:\/\/www.mediation06.fr\/?page_id=20","title":{"rendered":"L&rsquo;Association"},"content":{"rendered":"<p>[et_pb_section fb_built=\u00a0\u00bb1&Prime; next_background_color=\u00a0\u00bb#ffffff\u00a0\u00bb _builder_version=\u00a0\u00bb4.21.0&Prime; _module_preset=\u00a0\u00bbdefault\u00a0\u00bb background_image=\u00a0\u00bbhttps:\/\/www.mediation06.fr\/wp-content\/uploads\/2023\/07\/cute-family-playing-summer-field-scaled.jpg\u00a0\u00bb background_size=\u00a0\u00bbcustom\u00a0\u00bb background_image_width=\u00a0\u00bb100%\u00a0\u00bb background_image_height=\u00a0\u00bb0%\u00a0\u00bb background_position=\u00a0\u00bbtop_center\u00a0\u00bb background_vertical_offset=\u00a0\u00bb40%\u00a0\u00bb custom_padding=\u00a0\u00bb89px||89px||true|false\u00a0\u00bb bottom_divider_style=\u00a0\u00bbwave2&Prime; animation_style=\u00a0\u00bbzoom\u00a0\u00bb global_colors_info=\u00a0\u00bb{}\u00a0\u00bb custom_margin=\u00a0\u00bb-30px|||||\u00a0\u00bb][et_pb_row _builder_version=\u00a0\u00bb4.16&Prime; _module_preset=\u00a0\u00bbdefault\u00a0\u00bb custom_margin=\u00a0\u00bb-13px|auto||auto||\u00a0\u00bb global_colors_info=\u00a0\u00bb{}\u00a0\u00bb][et_pb_column type=\u00a0\u00bb4_4&Prime; _builder_version=\u00a0\u00bb4.16&Prime; _module_preset=\u00a0\u00bbdefault\u00a0\u00bb global_colors_info=\u00a0\u00bb{}\u00a0\u00bb][et_pb_text _builder_version=\u00a0\u00bb4.17.0&Prime; _module_preset=\u00a0\u00bbdefault\u00a0\u00bb header_font=\u00a0\u00bb||||||||\u00a0\u00bb header_text_align=\u00a0\u00bbcenter\u00a0\u00bb header_text_color=\u00a0\u00bb#FFFFFF\u00a0\u00bb header_font_size=\u00a0\u00bb50px\u00a0\u00bb header_2_font=\u00a0\u00bb|600|||||||\u00a0\u00bb header_3_font_size=\u00a0\u00bb18px\u00a0\u00bb custom_margin=\u00a0\u00bb-14px|||||\u00a0\u00bb custom_padding=\u00a0\u00bb||0px|||\u00a0\u00bb text_text_shadow_style=\u00a0\u00bbpreset2&Prime; text_text_shadow_horizontal_length=\u00a0\u00bb0.2em\u00a0\u00bb text_text_shadow_color=\u00a0\u00bb#000000&Prime; global_colors_info=\u00a0\u00bb{}\u00a0\u00bb]<\/p>\n<h1><\/h1>\n<h1 style=\"text-align: center;\">L&rsquo;Association<\/h1>\n<p>[\/et_pb_text][\/et_pb_column][\/et_pb_row][\/et_pb_section][et_pb_section fb_built=\u00a0\u00bb1&Prime; _builder_version=\u00a0\u00bb4.21.0&Prime; _module_preset=\u00a0\u00bbdefault\u00a0\u00bb custom_padding=\u00a0\u00bb0px||0px|||\u00a0\u00bb global_colors_info=\u00a0\u00bb{}\u00a0\u00bb][et_pb_row _builder_version=\u00a0\u00bb4.21.0&Prime; _module_preset=\u00a0\u00bbdefault\u00a0\u00bb global_colors_info=\u00a0\u00bb{}\u00a0\u00bb][et_pb_column type=\u00a0\u00bb4_4&Prime; _builder_version=\u00a0\u00bb4.21.0&Prime; _module_preset=\u00a0\u00bbdefault\u00a0\u00bb global_colors_info=\u00a0\u00bb{}\u00a0\u00bb][et_pb_text _builder_version=\u00a0\u00bb4.22.1&Prime; _module_preset=\u00a0\u00bbdefault\u00a0\u00bb global_colors_info=\u00a0\u00bb{}\u00a0\u00bb]<\/p>\n<h1>Qui sommes nous ?<\/h1>\n<p style=\"margin-bottom: 0cm; line-height: 150%;\" align=\"JUSTIFY\">M\u00e9diation 06 est une association loi 1901 cr\u00e9\u00e9e en 1990 par un groupe d&rsquo;avocats, de m\u00e9decins et de psychologues, rassembl\u00e9s autour d&rsquo;un Magistrat de la chambre de la famille pr\u00e8s le Tribunal de Grande Instance de Grasse. Soucieux d&rsquo;apporter une r\u00e9ponse \u00e0 des difficult\u00e9s auxquelles la Justice ne pouvait que partiellement r\u00e9pondre, ils ont souhait\u00e9 proposer une alternative \u00e0 la gestion des conflits dans la famille. Depuis 30 ans, l&rsquo;association sp\u00e9cialis\u00e9e dans la m\u00e9diation familiale, \u0153uvre sur le d\u00e9partement des Alpes-Maritimes. Elle vient en aide, chaque ann\u00e9e, \u00e0 pr\u00e8s de 900 personnes.<\/p>\n<p style=\"margin-bottom: 0cm; line-height: 150%;\" align=\"JUSTIFY\">\n<p style=\"margin-bottom: 0cm; line-height: 150%;\" align=\"JUSTIFY\"><img loading=\"lazy\" decoding=\"async\" src=\"https:\/\/www.mediation06.fr\/wp-content\/uploads\/2012\/02\/shutterstock_15990961.jpg\" width=\"388\" height=\"258\" alt=\"\" class=\"wp-image-108 alignnone size-full\" style=\"float: right;\" srcset=\"https:\/\/www.mediation06.fr\/wp-content\/uploads\/2012\/02\/shutterstock_15990961.jpg 320w, https:\/\/www.mediation06.fr\/wp-content\/uploads\/2012\/02\/shutterstock_15990961-300x199.jpg 300w, https:\/\/www.mediation06.fr\/wp-content\/uploads\/2012\/02\/shutterstock_15990961-150x100.jpg 150w\" sizes=\"(max-width: 388px) 100vw, 388px\" \/><\/p>\n<h1>Nos Objectifs<\/h1>\n<p style=\"margin-bottom: 0cm; line-height: 150%;\" align=\"JUSTIFY\">L&rsquo;association M\u00e9diation 06 a pour objectifs premiers\u00a0:<\/p>\n<p style=\"margin-bottom: 0cm; line-height: 150%;\" align=\"JUSTIFY\">Cr\u00e9er et promouvoir la m\u00e9diation familiale dans le d\u00e9partement<\/p>\n<p style=\"margin-bottom: 0cm; line-height: 150%;\" align=\"JUSTIFY\">Offrir un espace de parole et d&rsquo;\u00e9coute pour les membres de la famille<\/p>\n<p style=\"margin-bottom: 0cm; line-height: 150%;\" align=\"JUSTIFY\">En d\u00e9coule les objectifs d\u00e9clin\u00e9s suivants\u00a0:<\/p>\n<p style=\"margin-bottom: 0cm; line-height: 150%;\" align=\"JUSTIFY\">Favoriser l&rsquo;apaisement des conflits dans la famille<\/p>\n<p style=\"margin-bottom: 0cm; line-height: 150%;\" align=\"JUSTIFY\">R\u00e9tablir la communication entre les membres de la famille<\/p>\n<p style=\"margin-bottom: 0cm; line-height: 150%;\" align=\"JUSTIFY\">Aider \u00e0 r\u00e9organiser la vie familiale apr\u00e8s s\u00e9paration dans l&rsquo;int\u00e9r\u00eat des enfants<\/p>\n<h1>Nos Valeurs<\/h1>\n<p style=\"margin-bottom: 0cm; line-height: 150%;\" align=\"JUSTIFY\">L&rsquo;association d\u00e9fend les valeurs li\u00e9es \u00e0 l&rsquo;humanisme telles que la tol\u00e9rance, la fraternit\u00e9 et le respect l&rsquo;\u00eatre humain et de l&rsquo;environnement. Dans son fonctionnement, comme dans son cadre d&rsquo;intervention, la structure promeut le respect de la libert\u00e9 de chacun, ainsi que l\u2019\u00e9galit\u00e9 entre les femmes et les hommes.<\/p>\n<p style=\"line-height: 150%;\" align=\"JUSTIFY\">L\u2019\u00e9quipe accueillante respecte les exigences professionnelles d\u2019impartialit\u00e9, de juste distance. Elle participe au bien vivre-ensemble et \u00e0 la compr\u00e9hension de l\u2019autre.<\/p>\n<h1>Nous Rejoindre<\/h1>\n<p style=\"margin-bottom: 0cm; line-height: 150%;\" align=\"JUSTIFY\">Pour devenir adh\u00e9rent, il faut \u00eatre majeur et s\u2019engager \u00e0 respecter la Charte de partage des valeurs r\u00e9publicaines ainsi que le projet associatif. L\u2019adh\u00e9rent s\u2019acquitte d\u2019une cotisation annuelle de 15 euros et devient ainsi membre de l\u2019association.<\/p>\n<p style=\"margin-bottom: 0cm; line-height: 150%; widows: 2; orphans: 2;\" align=\"JUSTIFY\">Devenir adh\u00e9rent offre la possibilit\u00e9 de participer \u00e0 la vie de l&rsquo;association et d\u2019apporter une aide \u00e0 son bon fonctionnement.<\/p>\n<p style=\"margin-bottom: 0cm; line-height: 150%; widows: 2; orphans: 2;\" align=\"JUSTIFY\">Convi\u00e9s \u00e0 l\u2019assembl\u00e9e g\u00e9n\u00e9rale ordinaire, les membres d\u00e9lib\u00e8rent chaque ann\u00e9e sur le rapport du conseil d&rsquo;administration. Ce sont \u00e9galement les membres qui votent pour \u00e9lire le conseil d\u2019administration.<\/p>\n<h1>Le Conseil d&rsquo;administration<\/h1>\n<p style=\"margin-bottom: 0cm; line-height: 150%;\" align=\"JUSTIFY\">Pr\u00e9sidente\u00a0: Michelle BRUYERE, directrice du Service P\u00e9nitentiaire d&rsquo;Insertion et de Probation du 06 \u00e0 la retraite\u00a0; Secr\u00e9taire\u00a0: \u00c9velyne GOFFIN-GIMELLO,\u00a0retrait\u00e9e de la fonction publique dans le domaine social ; Tr\u00e9sori\u00e8re\u00a0: Isabel PUJADAS, expert-comptable\u00a0; Administrateur\u00a0: Carole MONCHANT, psychologue.<\/p>\n<p>&nbsp;<\/p>\n<p>[\/et_pb_text][et_pb_image src=\u00a0\u00bbhttps:\/\/www.mediation06.fr\/wp-content\/uploads\/2023\/07\/OrganogrammeSite2023.png\u00a0\u00bb title_text=\u00a0\u00bbOrganogrammeSite2023&Prime; url=\u00a0\u00bbhttps:\/\/www.mediation06.fr\/wp-content\/uploads\/2023\/07\/OrganogrammeSite2023.png\u00a0\u00bb url_new_window=\u00a0\u00bbon\u00a0\u00bb _builder_version=\u00a0\u00bb4.22.1&Prime; _module_preset=\u00a0\u00bbdefault\u00a0\u00bb global_colors_info=\u00a0\u00bb{}\u00a0\u00bb][\/et_pb_image][\/et_pb_column][\/et_pb_row][\/et_pb_section]<\/p>\n","protected":false},"excerpt":{"rendered":"<p>L&rsquo;AssociationQui sommes nous ? M\u00e9diation 06 est une association loi 1901 cr\u00e9\u00e9e en 1990 par un groupe d&rsquo;avocats, de m\u00e9decins et de psychologues, rassembl\u00e9s autour d&rsquo;un Magistrat de la chambre de la famille pr\u00e8s le Tribunal de Grande Instance de Grasse. Soucieux d&rsquo;apporter une r\u00e9ponse \u00e0 des difficult\u00e9s auxquelles la Justice ne pouvait que partiellement [&hellip;]<\/p>\n","protected":false},"author":1,"featured_media":0,"parent":0,"menu_order":1,"comment_status":"closed","ping_status":"closed","template":"","meta":{"_et_pb_use_builder":"on","_et_pb_old_content":"","_et_gb_content_width":"","ngg_post_thumbnail":0,"footnotes":""},"class_list":["post-20","page","type-page","status-publish","hentry"],"aioseo_notices":[],"_links":{"self":[{"href":"https:\/\/www.mediation06.fr\/index.php?rest_route=\/wp\/v2\/pages\/20","targetHints":{"allow":["GET"]}}],"collection":[{"href":"https:\/\/www.mediation06.fr\/index.php?rest_route=\/wp\/v2\/pages"}],"about":[{"href":"https:\/\/www.mediation06.fr\/index.php?rest_route=\/wp\/v2\/types\/page"}],"author":[{"embeddable":true,"href":"https:\/\/www.mediation06.fr\/index.php?rest_route=\/wp\/v2\/users\/1"}],"replies":[{"embeddable":true,"href":"https:\/\/www.mediation06.fr\/index.php?rest_route=%2Fwp%2Fv2%2Fcomments&post=20"}],"version-history":[{"count":16,"href":"https:\/\/www.mediation06.fr\/index.php?rest_route=\/wp\/v2\/pages\/20\/revisions"}],"predecessor-version":[{"id":461,"href":"https:\/\/www.mediation06.fr\/index.php?rest_route=\/wp\/v2\/pages\/20\/revisions\/461"}],"wp:attachment":[{"href":"https:\/\/www.mediation06.fr\/index.php?rest_route=%2Fwp%2Fv2%2Fmedia&parent=20"}],"curies":[{"name":"wp","href":"https:\/\/api.w.org\/{rel}","templated":true}]}}