{"id":24,"date":"2012-03-07T22:35:03","date_gmt":"2012-03-07T22:35:03","guid":{"rendered":"https:\/\/www.mediation06.fr\/?page_id=24"},"modified":"2024-03-25T10:00:31","modified_gmt":"2024-03-25T10:00:31","slug":"questions-pratiques","status":"publish","type":"page","link":"https:\/\/www.mediation06.fr\/?page_id=24","title":{"rendered":"Documents et Services"},"content":{"rendered":"<p>[et_pb_section fb_built=\u00a0\u00bb1&Prime; next_background_color=\u00a0\u00bb#ffffff\u00a0\u00bb _builder_version=\u00a0\u00bb4.21.0&Prime; _module_preset=\u00a0\u00bbdefault\u00a0\u00bb background_image=\u00a0\u00bbhttps:\/\/www.mediation06.fr\/wp-content\/uploads\/2023\/07\/main-utilisant-ordinateur-portable-ecran-virtuel-document-pour-approuver-ligne-assurance-qualite-sans-papier-concept-gestion-erp-1.jpg\u00a0\u00bb background_size=\u00a0\u00bbcustom\u00a0\u00bb background_image_width=\u00a0\u00bb100%\u00a0\u00bb background_image_height=\u00a0\u00bb0%\u00a0\u00bb background_position=\u00a0\u00bbbottom_center\u00a0\u00bb background_vertical_offset=\u00a0\u00bb18%\u00a0\u00bb custom_margin=\u00a0\u00bb-36px|||||\u00a0\u00bb custom_padding=\u00a0\u00bb89px||89px||true|false\u00a0\u00bb bottom_divider_style=\u00a0\u00bbwave2&Prime; animation_style=\u00a0\u00bbzoom\u00a0\u00bb global_colors_info=\u00a0\u00bb{}\u00a0\u00bb][et_pb_row _builder_version=\u00a0\u00bb4.16&Prime; _module_preset=\u00a0\u00bbdefault\u00a0\u00bb custom_margin=\u00a0\u00bb-13px|auto||auto||\u00a0\u00bb global_colors_info=\u00a0\u00bb{}\u00a0\u00bb][et_pb_column type=\u00a0\u00bb4_4&Prime; _builder_version=\u00a0\u00bb4.16&Prime; _module_preset=\u00a0\u00bbdefault\u00a0\u00bb global_colors_info=\u00a0\u00bb{}\u00a0\u00bb][et_pb_text _builder_version=\u00a0\u00bb4.17.0&Prime; _module_preset=\u00a0\u00bbdefault\u00a0\u00bb header_font=\u00a0\u00bb||||||||\u00a0\u00bb header_text_align=\u00a0\u00bbcenter\u00a0\u00bb header_text_color=\u00a0\u00bb#FFFFFF\u00a0\u00bb header_font_size=\u00a0\u00bb50px\u00a0\u00bb header_2_font=\u00a0\u00bb|600|||||||\u00a0\u00bb header_3_font_size=\u00a0\u00bb18px\u00a0\u00bb custom_margin=\u00a0\u00bb-14px|||||\u00a0\u00bb custom_padding=\u00a0\u00bb||0px|||\u00a0\u00bb text_text_shadow_style=\u00a0\u00bbpreset2&Prime; text_text_shadow_horizontal_length=\u00a0\u00bb0.2em\u00a0\u00bb text_text_shadow_color=\u00a0\u00bb#000000&Prime; global_colors_info=\u00a0\u00bb{}\u00a0\u00bb]<\/p>\n<h1><\/h1>\n<h1 style=\"text-align: center;\">Documents et Services<\/h1>\n<p>[\/et_pb_text][\/et_pb_column][\/et_pb_row][\/et_pb_section][et_pb_section fb_built=\u00a0\u00bb1&Prime; _builder_version=\u00a0\u00bb4.21.0&Prime; _module_preset=\u00a0\u00bbdefault\u00a0\u00bb custom_padding=\u00a0\u00bb0px|||||\u00a0\u00bb global_colors_info=\u00a0\u00bb{}\u00a0\u00bb][et_pb_row column_structure=\u00a0\u00bb1_3,1_3,1_3&Prime; _builder_version=\u00a0\u00bb4.22.1&Prime; _module_preset=\u00a0\u00bbdefault\u00a0\u00bb global_colors_info=\u00a0\u00bb{}\u00a0\u00bb][et_pb_column type=\u00a0\u00bb1_3&Prime; _builder_version=\u00a0\u00bb4.22.1&Prime; _module_preset=\u00a0\u00bbdefault\u00a0\u00bb global_colors_info=\u00a0\u00bb{}\u00a0\u00bb][et_pb_text _builder_version=\u00a0\u00bb4.22.1&Prime; _module_preset=\u00a0\u00bbdefault\u00a0\u00bb global_colors_info=\u00a0\u00bb{}\u00a0\u00bb]<\/p>\n<p style=\"text-align: center;\">Mod\u00e8le requ\u00eate Juge aux affaires familiales<\/p>\n<p style=\"text-align: center;\">\n<p style=\"text-align: center;\"><a href=\"https:\/\/www.mediation06.fr\/wp-content\/uploads\/2023\/09\/RequeteJAF.pdf\" target=\"_blank\" rel=\"noopener\"><img loading=\"lazy\" decoding=\"async\" src=\"https:\/\/www.mediation06.fr\/wp-content\/uploads\/2023\/09\/360_F_28894454_RlyJWx8MH8x5b8N1FYl9fS6AJvRamqC4.jpg\" width=\"110\" height=\"110\" alt=\"\" class=\"wp-image-408 alignnone size-full\" srcset=\"https:\/\/www.mediation06.fr\/wp-content\/uploads\/2023\/09\/360_F_28894454_RlyJWx8MH8x5b8N1FYl9fS6AJvRamqC4.jpg 360w, https:\/\/www.mediation06.fr\/wp-content\/uploads\/2023\/09\/360_F_28894454_RlyJWx8MH8x5b8N1FYl9fS6AJvRamqC4-300x300.jpg 300w, https:\/\/www.mediation06.fr\/wp-content\/uploads\/2023\/09\/360_F_28894454_RlyJWx8MH8x5b8N1FYl9fS6AJvRamqC4-150x150.jpg 150w\" sizes=\"(max-width: 110px) 100vw, 110px\" \/><\/a><\/p>\n<p style=\"text-align: center;\"><span style=\"text-decoration: underline; color: #3366ff;\"><a href=\"https:\/\/www.mediation06.fr\/wp-content\/uploads\/2023\/09\/NoticeRequeteJAF.pdf\" target=\"_blank\" rel=\"noopener\" style=\"color: #3366ff; text-decoration: underline;\">Notice<\/a><\/span><\/p>\n<p>[\/et_pb_text][\/et_pb_column][et_pb_column type=\u00a0\u00bb1_3&Prime; _builder_version=\u00a0\u00bb4.22.1&Prime; _module_preset=\u00a0\u00bbdefault\u00a0\u00bb global_colors_info=\u00a0\u00bb{}\u00a0\u00bb][et_pb_text _builder_version=\u00a0\u00bb4.22.1&Prime; _module_preset=\u00a0\u00bbdefault\u00a0\u00bb global_colors_info=\u00a0\u00bb{}\u00a0\u00bb]<\/p>\n<p style=\"text-align: center;\">Requ\u00eate aux fins d&rsquo;homologation d&rsquo;une convention parentale<\/p>\n<p style=\"text-align: center;\"><a href=\"https:\/\/www.mediation06.fr\/wp-content\/uploads\/2023\/09\/RequeteAuxFinsdHomolgation.pdf\" target=\"_blank\" rel=\"noopener\"><img loading=\"lazy\" decoding=\"async\" src=\"https:\/\/www.mediation06.fr\/wp-content\/uploads\/2023\/09\/360_F_28894454_RlyJWx8MH8x5b8N1FYl9fS6AJvRamqC4.jpg\" width=\"105\" height=\"105\" \/><\/a><\/p>\n<p style=\"text-align: center;\">[\/et_pb_text][\/et_pb_column][et_pb_column type=\u00a0\u00bb1_3&Prime; _builder_version=\u00a0\u00bb4.22.1&Prime; _module_preset=\u00a0\u00bbdefault\u00a0\u00bb global_colors_info=\u00a0\u00bb{}\u00a0\u00bb][et_pb_text _builder_version=\u00a0\u00bb4.22.1&Prime; _module_preset=\u00a0\u00bbdefault\u00a0\u00bb global_colors_info=\u00a0\u00bb{}\u00a0\u00bb]<\/p>\n<p style=\"text-align: center;\">Fiche d\u00e9clarative de ressources<\/p>\n<p>\u00a0<a href=\"https:\/\/www.mediation06.fr\/wp-content\/uploads\/2023\/09\/FicheDeclarationSurLHonneur.pdf\" target=\"_blank\" rel=\"noopener\"><img loading=\"lazy\" decoding=\"async\" src=\"https:\/\/www.mediation06.fr\/wp-content\/uploads\/2023\/09\/360_F_28894454_RlyJWx8MH8x5b8N1FYl9fS6AJvRamqC4.jpg\" width=\"106\" height=\"106\" alt=\"\" class=\"wp-image-408 alignnone size-full\" style=\"display: block; margin-left: auto; margin-right: auto;\" srcset=\"https:\/\/www.mediation06.fr\/wp-content\/uploads\/2023\/09\/360_F_28894454_RlyJWx8MH8x5b8N1FYl9fS6AJvRamqC4.jpg 360w, https:\/\/www.mediation06.fr\/wp-content\/uploads\/2023\/09\/360_F_28894454_RlyJWx8MH8x5b8N1FYl9fS6AJvRamqC4-300x300.jpg 300w, https:\/\/www.mediation06.fr\/wp-content\/uploads\/2023\/09\/360_F_28894454_RlyJWx8MH8x5b8N1FYl9fS6AJvRamqC4-150x150.jpg 150w\" sizes=\"(max-width: 106px) 100vw, 106px\" \/><\/a><\/p>\n<p>[\/et_pb_text][\/et_pb_column][\/et_pb_row][et_pb_row column_structure=\u00a0\u00bb1_3,1_3,1_3&Prime; _builder_version=\u00a0\u00bb4.22.1&Prime; _module_preset=\u00a0\u00bbdefault\u00a0\u00bb hover_enabled=\u00a0\u00bb0&Prime; locked=\u00a0\u00bboff\u00a0\u00bb global_colors_info=\u00a0\u00bb{}\u00a0\u00bb sticky_enabled=\u00a0\u00bb0&Prime;][et_pb_column type=\u00a0\u00bb1_3&Prime; _builder_version=\u00a0\u00bb4.22.1&Prime; _module_preset=\u00a0\u00bbdefault\u00a0\u00bb global_colors_info=\u00a0\u00bb{}\u00a0\u00bb][et_pb_text _builder_version=\u00a0\u00bb4.22.2&Prime; _module_preset=\u00a0\u00bbdefault\u00a0\u00bb hover_enabled=\u00a0\u00bb0&Prime; global_colors_info=\u00a0\u00bb{}\u00a0\u00bb sticky_enabled=\u00a0\u00bb0&Prime;]<\/p>\n<p style=\"text-align: center;\">D\u00e9pliant de L&rsquo;Association<\/p>\n<p style=\"text-align: center;\"><a href=\"https:\/\/www.mediation06.fr\/wp-content\/uploads\/2024\/03\/Depliant2025jpeg-scaled.jpg\" target=\"_blank\" rel=\"noopener\"><img loading=\"lazy\" decoding=\"async\" src=\"https:\/\/www.mediation06.fr\/wp-content\/uploads\/2023\/09\/360_F_28894454_RlyJWx8MH8x5b8N1FYl9fS6AJvRamqC4.jpg\" width=\"110\" height=\"110\" alt=\"\" class=\"wp-image-408 alignnone size-full\" srcset=\"https:\/\/www.mediation06.fr\/wp-content\/uploads\/2023\/09\/360_F_28894454_RlyJWx8MH8x5b8N1FYl9fS6AJvRamqC4.jpg 360w, https:\/\/www.mediation06.fr\/wp-content\/uploads\/2023\/09\/360_F_28894454_RlyJWx8MH8x5b8N1FYl9fS6AJvRamqC4-300x300.jpg 300w, https:\/\/www.mediation06.fr\/wp-content\/uploads\/2023\/09\/360_F_28894454_RlyJWx8MH8x5b8N1FYl9fS6AJvRamqC4-150x150.jpg 150w\" sizes=\"(max-width: 110px) 100vw, 110px\" \/><\/a><\/p>\n<p style=\"text-align: center;\"><span style=\"text-decoration: underline; color: #3366ff;\"><a href=\"https:\/\/www.mediation06.fr\/wp-content\/uploads\/2023\/09\/NoticeRequeteJAF.pdf\" target=\"_blank\" rel=\"noopener\" style=\"color: #3366ff; text-decoration: underline;\"><\/a><\/span><\/p>\n<p>[\/et_pb_text][\/et_pb_column][et_pb_column type=\u00a0\u00bb1_3&Prime; _builder_version=\u00a0\u00bb4.22.1&Prime; _module_preset=\u00a0\u00bbdefault\u00a0\u00bb global_colors_info=\u00a0\u00bb{}\u00a0\u00bb][\/et_pb_column][et_pb_column type=\u00a0\u00bb1_3&Prime; _builder_version=\u00a0\u00bb4.22.1&Prime; _module_preset=\u00a0\u00bbdefault\u00a0\u00bb global_colors_info=\u00a0\u00bb{}\u00a0\u00bb][\/et_pb_column][\/et_pb_row][\/et_pb_section]<\/p>\n","protected":false},"excerpt":{"rendered":"<p>Documents et ServicesMod\u00e8le requ\u00eate Juge aux affaires familiales NoticeRequ\u00eate aux fins d&rsquo;homologation d&rsquo;une convention parentale Fiche d\u00e9clarative de ressources \u00a0D\u00e9pliant de L&rsquo;Association<\/p>\n","protected":false},"author":1,"featured_media":0,"parent":0,"menu_order":4,"comment_status":"closed","ping_status":"closed","template":"","meta":{"_et_pb_use_builder":"on","_et_pb_old_content":"","_et_gb_content_width":"","ngg_post_thumbnail":0,"footnotes":""},"class_list":["post-24","page","type-page","status-publish","hentry"],"aioseo_notices":[],"_links":{"self":[{"href":"https:\/\/www.mediation06.fr\/index.php?rest_route=\/wp\/v2\/pages\/24","targetHints":{"allow":["GET"]}}],"collection":[{"href":"https:\/\/www.mediation06.fr\/index.php?rest_route=\/wp\/v2\/pages"}],"about":[{"href":"https:\/\/www.mediation06.fr\/index.php?rest_route=\/wp\/v2\/types\/page"}],"author":[{"embeddable":true,"href":"https:\/\/www.mediation06.fr\/index.php?rest_route=\/wp\/v2\/users\/1"}],"replies":[{"embeddable":true,"href":"https:\/\/www.mediation06.fr\/index.php?rest_route=%2Fwp%2Fv2%2Fcomments&post=24"}],"version-history":[{"count":12,"href":"https:\/\/www.mediation06.fr\/index.php?rest_route=\/wp\/v2\/pages\/24\/revisions"}],"predecessor-version":[{"id":492,"href":"https:\/\/www.mediation06.fr\/index.php?rest_route=\/wp\/v2\/pages\/24\/revisions\/492"}],"wp:attachment":[{"href":"https:\/\/www.mediation06.fr\/index.php?rest_route=%2Fwp%2Fv2%2Fmedia&parent=24"}],"curies":[{"name":"wp","href":"https:\/\/api.w.org\/{rel}","templated":true}]}}