{"id":274,"date":"2023-07-11T16:06:02","date_gmt":"2023-07-11T16:06:02","guid":{"rendered":"https:\/\/www.mediation06.fr\/?page_id=274"},"modified":"2023-09-20T09:37:20","modified_gmt":"2023-09-20T09:37:20","slug":"faire-un-don","status":"publish","type":"page","link":"https:\/\/www.mediation06.fr\/?page_id=274","title":{"rendered":"Faire un don"},"content":{"rendered":"<p>[et_pb_section fb_built=\u00a0\u00bb1&Prime; next_background_color=\u00a0\u00bb#ffffff\u00a0\u00bb _builder_version=\u00a0\u00bb4.22.1&Prime; _module_preset=\u00a0\u00bbdefault\u00a0\u00bb background_image=\u00a0\u00bbhttps:\/\/www.mediation06.fr\/wp-content\/uploads\/2023\/09\/gros-plan-deux-jeunes-amoureux-se-tenant-main-table-e1693557834387.jpg\u00a0\u00bb background_size=\u00a0\u00bbcustom\u00a0\u00bb background_image_width=\u00a0\u00bb100%\u00a0\u00bb background_image_height=\u00a0\u00bb0%\u00a0\u00bb background_position=\u00a0\u00bbtop_center\u00a0\u00bb background_vertical_offset=\u00a0\u00bb30%\u00a0\u00bb custom_padding=\u00a0\u00bb89px||89px||true|false\u00a0\u00bb bottom_divider_style=\u00a0\u00bbwave2&Prime; animation_style=\u00a0\u00bbzoom\u00a0\u00bb global_colors_info=\u00a0\u00bb{}\u00a0\u00bb custom_margin=\u00a0\u00bb-31px|||||\u00a0\u00bb][et_pb_row _builder_version=\u00a0\u00bb4.16&Prime; _module_preset=\u00a0\u00bbdefault\u00a0\u00bb custom_margin=\u00a0\u00bb-13px|auto||auto||\u00a0\u00bb global_colors_info=\u00a0\u00bb{}\u00a0\u00bb][et_pb_column type=\u00a0\u00bb4_4&Prime; _builder_version=\u00a0\u00bb4.16&Prime; _module_preset=\u00a0\u00bbdefault\u00a0\u00bb global_colors_info=\u00a0\u00bb{}\u00a0\u00bb][et_pb_text _builder_version=\u00a0\u00bb4.17.0&Prime; _module_preset=\u00a0\u00bbdefault\u00a0\u00bb header_font=\u00a0\u00bb||||||||\u00a0\u00bb header_text_align=\u00a0\u00bbcenter\u00a0\u00bb header_text_color=\u00a0\u00bb#FFFFFF\u00a0\u00bb header_font_size=\u00a0\u00bb50px\u00a0\u00bb header_2_font=\u00a0\u00bb|600|||||||\u00a0\u00bb header_3_font_size=\u00a0\u00bb18px\u00a0\u00bb custom_margin=\u00a0\u00bb-14px|||||\u00a0\u00bb custom_padding=\u00a0\u00bb||0px|||\u00a0\u00bb text_text_shadow_style=\u00a0\u00bbpreset2&Prime; text_text_shadow_horizontal_length=\u00a0\u00bb0.2em\u00a0\u00bb text_text_shadow_color=\u00a0\u00bb#000000&Prime; global_colors_info=\u00a0\u00bb{}\u00a0\u00bb]<\/p>\n<h1><\/h1>\n<h1 style=\"text-align: center;\">Faire un don<\/h1>\n<p>[\/et_pb_text][\/et_pb_column][\/et_pb_row][\/et_pb_section][et_pb_section fb_built=\u00a0\u00bb1&Prime; _builder_version=\u00a0\u00bb4.21.0&Prime; _module_preset=\u00a0\u00bbdefault\u00a0\u00bb custom_padding=\u00a0\u00bb0px||18px|||\u00a0\u00bb global_colors_info=\u00a0\u00bb{}\u00a0\u00bb][et_pb_row _builder_version=\u00a0\u00bb4.21.0&Prime; _module_preset=\u00a0\u00bbdefault\u00a0\u00bb global_colors_info=\u00a0\u00bb{}\u00a0\u00bb][et_pb_column type=\u00a0\u00bb4_4&Prime; _builder_version=\u00a0\u00bb4.21.0&Prime; _module_preset=\u00a0\u00bbdefault\u00a0\u00bb global_colors_info=\u00a0\u00bb{}\u00a0\u00bb][et_pb_text _builder_version=\u00a0\u00bb4.22.1&Prime; _module_preset=\u00a0\u00bbdefault\u00a0\u00bb text_font_size=\u00a0\u00bb16px\u00a0\u00bb global_colors_info=\u00a0\u00bb{}\u00a0\u00bb]<\/p>\n<p style=\"margin-bottom: 0cm; line-height: 150%; text-align: center;\"><span style=\"color: #0c71c3;\"><strong>Vous partagez nos valeurs\u00a0? Notre action vous int\u00e9resse\u00a0? Soutenez-nous\u00a0!<\/strong><\/span><\/p>\n<p style=\"margin-bottom: 0cm; line-height: 150%; text-align: center;\"><span style=\"color: #0c71c3;\"><strong>Nous avons besoin de vous pour nous aider \u00e0 poursuivre nos actions.<\/strong><\/span><\/p>\n<p style=\"margin-bottom: 0cm; line-height: 150%; text-align: center;\"><span style=\"color: #0c71c3;\"><strong>Apporter votre soutien \u00e0 l&rsquo;association, c\u2019est s&rsquo;investir dans l\u2019action sociale de proximit\u00e9.<\/strong><\/span><\/p>\n<p style=\"margin-bottom: 0cm; line-height: 150%; text-align: center;\"><span style=\"color: #0c71c3;\"><strong>Pour soutenir nos actions, effectuez un don \u00e0 votre convenance\u00a0:<\/strong><\/span><\/p>\n<p style=\"margin-bottom: 0cm; line-height: 150%; text-align: center;\"><span style=\"color: #0c71c3;\"><strong>&#8211; Un ch\u00e8que \u00e0 l\u2019ordre de \u00abM\u00e9diation 06\u00bb \u00e0 envoyer \u00e0 l\u2019adresse suivante : M\u00c9DIATION 06 4 rue Guillaumont &#8211; 06600 ANTIBES<\/strong><\/span><\/p>\n<p style=\"margin-bottom: 0cm; line-height: 150%; text-align: center;\"><span style=\"color: #0c71c3;\"><strong>&#8211; Un virement bancaire RIB \u00e0 t\u00e9l\u00e9charger\u00a0<a href=\"https:\/\/www.mediation06.fr\/wp-content\/uploads\/2023\/09\/RIB.pdf\" title=\"RIB\" target=\"_blank\" rel=\"noopener\"><span style=\"font-family: museosans900, Arial, sans-serif;\">ici<\/span><\/a><\/strong><\/span><\/p>\n<p style=\"margin-bottom: 0cm; line-height: 150%; text-align: center;\"><span style=\"color: #0f5ba2;\"><span style=\"font-family: museosans900, Arial, sans-serif;\"><\/span><\/span><\/p>\n<p style=\"margin-bottom: 0cm; line-height: 150%; text-align: center;\"><span style=\"color: #0f5ba2;\"><span style=\"font-family: museosans900, Arial, sans-serif;\"><\/span><\/span><\/p>\n<p><span style=\"font-size: medium;\"><strong><\/strong><\/span><\/p>\n<p><span style=\"font-size: medium;\"><strong>COMMENT LE D\u00c9DUIRE DES IMP\u00d4TS<\/strong><\/span><\/p>\n<p><span style=\"font-size: medium;\"><img loading=\"lazy\" decoding=\"async\" src=\"https:\/\/www.mediation06.fr\/wp-content\/uploads\/2023\/09\/19216499_Hand-of-generous-person-putting-heart-in-jar-scaled.jpg\" width=\"555\" height=\"427\" alt=\"\" class=\"wp-image-388 alignnone size-full\" style=\"float: right;\" \/><\/span><\/p>\n<p><span style=\"font-size: medium;\">D\u00e9duction fiscale pour les particuliers\u00a0:<\/span><\/p>\n<p style=\"text-align: justify;\"><span style=\"font-size: medium;\">Si vous \u00eates domicili\u00e9 fiscalement en France, vous b\u00e9n\u00e9ficiez d\u2019une r\u00e9duction d\u2019imp\u00f4t de 66% dans la limite de 20% de votre revenu imposable (article 200 du Code G\u00e9n\u00e9ral des Imp\u00f4ts). Apr\u00e8s r\u00e9duction d\u2019imp\u00f4t, un don de 100 \u20ac ne vous co\u00fbte en r\u00e9alit\u00e9 que 33\u00a0\u20ac<strong>.\u00a0<\/strong>A l\u2019encaissement de votre don, l\u2019association<span style=\"color: #0f5ba2;\"><span style=\"font-family: museosans900, Arial, sans-serif;\"> <\/span><\/span>vous adressera un re\u00e7u fiscal par e-mail ou par voie postale. Ce re\u00e7u est \u00e0 joindre \u00e0 votre d\u00e9claration fiscale pour b\u00e9n\u00e9ficier de cette r\u00e9duction d\u2019imp\u00f4t.<\/span><\/p>\n<p style=\"text-align: justify;\"><span style=\"font-size: medium;\">D\u00e9duction fiscale pour les entreprises\u00a0:<\/span><\/p>\n<p style=\"text-align: justify;\"><span style=\"font-size: medium;\">La r\u00e9duction d&rsquo;imp\u00f4t accord\u00e9e \u00e0 l&rsquo;entreprise vient\u00a0<strong><span style=\"font-weight: normal;\">en soustraction du montant d&rsquo;imp\u00f4t<\/span><\/strong> d\u00fb lors de l&rsquo;ann\u00e9e du don. Peu importe que l&rsquo;entreprise soit soumise \u00e0 l&rsquo;imp\u00f4t sur les soci\u00e9t\u00e9s<a href=\"https:\/\/entreprendre.service-public.fr\/vosdroits\/F23575\" target=\"_top\" rel=\"noopener\"> <\/a>ou \u00e0 l&rsquo;imp\u00f4t sur le revenu, l&rsquo;entreprise b\u00e9n\u00e9ficie d&rsquo;une\u00a0<strong><span style=\"font-weight: normal;\">r\u00e9duction d&rsquo;imp\u00f4t<\/span><\/strong>\u00a0\u00e9gale \u00e0 l&rsquo;un des montants suivants\u00a0:<\/span><\/p>\n<ul>\n<li style=\"text-align: justify;\"><span style=\"font-size: medium;\">60 % du don pour la fraction inf\u00e9rieure ou \u00e9gale \u00e0 2 000 000 \u20ac<\/span><\/li>\n<li style=\"text-align: justify;\"><span style=\"font-size: medium;\">40\u00a0%\u00a0pour la part du don sup\u00e9rieure \u00e0\u00a02 000 000\u00a0\u20ac<\/span><\/li>\n<\/ul>\n<p>[\/et_pb_text][\/et_pb_column][\/et_pb_row][\/et_pb_section]<\/p>\n","protected":false},"excerpt":{"rendered":"<p>Faire un donVous partagez nos valeurs\u00a0? Notre action vous int\u00e9resse\u00a0? Soutenez-nous\u00a0! Nous avons besoin de vous pour nous aider \u00e0 poursuivre nos actions. Apporter votre soutien \u00e0 l&rsquo;association, c\u2019est s&rsquo;investir dans l\u2019action sociale de proximit\u00e9. Pour soutenir nos actions, effectuez un don \u00e0 votre convenance\u00a0: &#8211; Un ch\u00e8que \u00e0 l\u2019ordre de \u00abM\u00e9diation 06\u00bb \u00e0 envoyer [&hellip;]<\/p>\n","protected":false},"author":1,"featured_media":0,"parent":0,"menu_order":0,"comment_status":"closed","ping_status":"closed","template":"","meta":{"_et_pb_use_builder":"on","_et_pb_old_content":"<!-- wp:divi\/placeholder \/-->","_et_gb_content_width":"","ngg_post_thumbnail":0,"footnotes":""},"class_list":["post-274","page","type-page","status-publish","hentry"],"aioseo_notices":[],"_links":{"self":[{"href":"https:\/\/www.mediation06.fr\/index.php?rest_route=\/wp\/v2\/pages\/274","targetHints":{"allow":["GET"]}}],"collection":[{"href":"https:\/\/www.mediation06.fr\/index.php?rest_route=\/wp\/v2\/pages"}],"about":[{"href":"https:\/\/www.mediation06.fr\/index.php?rest_route=\/wp\/v2\/types\/page"}],"author":[{"embeddable":true,"href":"https:\/\/www.mediation06.fr\/index.php?rest_route=\/wp\/v2\/users\/1"}],"replies":[{"embeddable":true,"href":"https:\/\/www.mediation06.fr\/index.php?rest_route=%2Fwp%2Fv2%2Fcomments&post=274"}],"version-history":[{"count":9,"href":"https:\/\/www.mediation06.fr\/index.php?rest_route=\/wp\/v2\/pages\/274\/revisions"}],"predecessor-version":[{"id":471,"href":"https:\/\/www.mediation06.fr\/index.php?rest_route=\/wp\/v2\/pages\/274\/revisions\/471"}],"wp:attachment":[{"href":"https:\/\/www.mediation06.fr\/index.php?rest_route=%2Fwp%2Fv2%2Fmedia&parent=274"}],"curies":[{"name":"wp","href":"https:\/\/api.w.org\/{rel}","templated":true}]}}